{"id":92850,"date":"2026-02-24T09:22:27","date_gmt":"2026-02-24T08:22:27","guid":{"rendered":"https:\/\/creadores.org\/?page_id=92850"},"modified":"2026-02-24T09:22:27","modified_gmt":"2026-02-24T08:22:27","slug":"el-diseno-de-moda-espanol-en-cifras","status":"publish","type":"page","link":"https:\/\/creadores.org\/en\/que-hacemos\/el-diseno-de-moda-espanol-en-cifras\/","title":{"rendered":"El dise\u00f1o de moda espa\u00f1ol, en cifras"},"content":{"rendered":"<p>Desde 2015, <strong>ACME<\/strong> y <strong>Modaes.es<\/strong> colaboran en la elaboraci\u00f3n de un informe anual que analiza la situaci\u00f3n del dise\u00f1o de moda de autor en Espa\u00f1a desde una perspectiva econ\u00f3mica, territorial y sectorial.<\/p>\n<p>Esta radiograf\u00eda aporta datos clave sobre empleo, facturaci\u00f3n, exportaciones, concentraci\u00f3n geogr\u00e1fica y evoluci\u00f3n del sector. Una herramienta para comprender la dimensi\u00f3n real de la moda de autor como industria creativa y econ\u00f3mica.<\/p>\n","protected":false},"excerpt":{"rendered":"<p>Desde 2015, ACME y Modaes.es colaboran en la elaboraci\u00f3n de un informe anual que analiza la situaci\u00f3n del dise\u00f1o de moda de autor en Espa\u00f1a desde una perspectiva econ\u00f3mica, territorial y sectorial. Esta radiograf\u00eda aporta datos clave sobre empleo, facturaci\u00f3n, exportaciones, concentraci\u00f3n geogr\u00e1fica y evoluci\u00f3n del sector. Una herramienta para comprender la dimensi\u00f3n real de [&hellip;]<\/p>\n","protected":false},"author":4,"featured_media":0,"parent":84338,"menu_order":4,"comment_status":"closed","ping_status":"closed","template":"","meta":{"footnotes":""},"class_list":["post-92850","page","type-page","status-publish","hentry"],"yoast_head":"<!-- This site is optimized with the Yoast SEO plugin v27.3 - https:\/\/yoast.com\/product\/yoast-seo-wordpress\/ -->\n<title>El dise\u00f1o de moda espa\u00f1ol, en cifras - Asociaci\u00f3n Creadores de Moda de Espa\u00f1a | ACME<\/title>\n<meta name=\"robots\" content=\"index, follow, max-snippet:-1, max-image-preview:large, max-video-preview:-1\" \/>\n<link rel=\"canonical\" href=\"https:\/\/creadores.org\/en\/que-hacemos\/el-diseno-de-moda-espanol-en-cifras\/\" \/>\n<meta property=\"og:locale\" content=\"en_US\" \/>\n<meta property=\"og:type\" content=\"article\" \/>\n<meta property=\"og:title\" content=\"El dise\u00f1o de moda espa\u00f1ol, en cifras - Asociaci\u00f3n Creadores de Moda de Espa\u00f1a | ACME\" \/>\n<meta property=\"og:description\" content=\"Desde 2015, ACME y Modaes.es colaboran en la elaboraci\u00f3n de un informe anual que analiza la situaci\u00f3n del dise\u00f1o de moda de autor en Espa\u00f1a desde una perspectiva econ\u00f3mica, territorial y sectorial. Esta radiograf\u00eda aporta datos clave sobre empleo, facturaci\u00f3n, exportaciones, concentraci\u00f3n geogr\u00e1fica y evoluci\u00f3n del sector. Una herramienta para comprender la dimensi\u00f3n real de [&hellip;]\" \/>\n<meta property=\"og:url\" content=\"https:\/\/creadores.org\/en\/que-hacemos\/el-diseno-de-moda-espanol-en-cifras\/\" \/>\n<meta property=\"og:site_name\" content=\"Asociaci\u00f3n Creadores de Moda de Espa\u00f1a | ACME\" \/>\n<meta property=\"article:publisher\" content=\"https:\/\/www.facebook.com\/Asociaci%c3%b3n-Creadores-de-Moda-de-Espa%c3%b1a-297009471514\/\" \/>\n<meta name=\"twitter:card\" content=\"summary_large_image\" \/>\n<meta name=\"twitter:site\" content=\"@creadoresacme\" \/>\n<meta name=\"twitter:label1\" content=\"Est. reading time\" \/>\n\t<meta name=\"twitter:data1\" content=\"1 minute\" \/>\n<script type=\"application\/ld+json\" class=\"yoast-schema-graph\">{\"@context\":\"https:\\\/\\\/schema.org\",\"@graph\":[{\"@type\":\"WebPage\",\"@id\":\"https:\\\/\\\/creadores.org\\\/en\\\/que-hacemos\\\/el-diseno-de-moda-espanol-en-cifras\\\/\",\"url\":\"https:\\\/\\\/creadores.org\\\/en\\\/que-hacemos\\\/el-diseno-de-moda-espanol-en-cifras\\\/\",\"name\":\"El dise\u00f1o de moda espa\u00f1ol, en cifras - Asociaci\u00f3n Creadores de Moda de Espa\u00f1a | ACME\",\"isPartOf\":{\"@id\":\"https:\\\/\\\/creadores.org\\\/en\\\/#website\"},\"datePublished\":\"2026-02-24T08:22:27+00:00\",\"breadcrumb\":{\"@id\":\"https:\\\/\\\/creadores.org\\\/en\\\/que-hacemos\\\/el-diseno-de-moda-espanol-en-cifras\\\/#breadcrumb\"},\"inLanguage\":\"en-US\",\"potentialAction\":[{\"@type\":\"ReadAction\",\"target\":[\"https:\\\/\\\/creadores.org\\\/en\\\/que-hacemos\\\/el-diseno-de-moda-espanol-en-cifras\\\/\"]}]},{\"@type\":\"BreadcrumbList\",\"@id\":\"https:\\\/\\\/creadores.org\\\/en\\\/que-hacemos\\\/el-diseno-de-moda-espanol-en-cifras\\\/#breadcrumb\",\"itemListElement\":[{\"@type\":\"ListItem\",\"position\":1,\"name\":\"Portada\",\"item\":\"https:\\\/\\\/creadores.org\\\/en\\\/\"},{\"@type\":\"ListItem\",\"position\":2,\"name\":\"Qu\u00e9 hacemos\",\"item\":\"https:\\\/\\\/creadores.org\\\/en\\\/que-hacemos\\\/\"},{\"@type\":\"ListItem\",\"position\":3,\"name\":\"El dise\u00f1o de moda espa\u00f1ol, en cifras\"}]},{\"@type\":\"WebSite\",\"@id\":\"https:\\\/\\\/creadores.org\\\/en\\\/#website\",\"url\":\"https:\\\/\\\/creadores.org\\\/en\\\/\",\"name\":\"Asociaci\u00f3n Creadores de Moda de Espa\u00f1a | ACME\",\"description\":\"La Asociaci\u00f3n Creadores de Moda de Espa\u00f1a (ACME) es una organizaci\u00f3n profesional sin \u00e1nimo de lucro fundada en 1988\",\"publisher\":{\"@id\":\"https:\\\/\\\/creadores.org\\\/en\\\/#organization\"},\"potentialAction\":[{\"@type\":\"SearchAction\",\"target\":{\"@type\":\"EntryPoint\",\"urlTemplate\":\"https:\\\/\\\/creadores.org\\\/en\\\/?s={search_term_string}\"},\"query-input\":{\"@type\":\"PropertyValueSpecification\",\"valueRequired\":true,\"valueName\":\"search_term_string\"}}],\"inLanguage\":\"en-US\"},{\"@type\":\"Organization\",\"@id\":\"https:\\\/\\\/creadores.org\\\/en\\\/#organization\",\"name\":\"Asociaci\u00f3n Creadores de Moda de Espa\u00f1a | ACME\",\"url\":\"https:\\\/\\\/creadores.org\\\/en\\\/\",\"logo\":{\"@type\":\"ImageObject\",\"inLanguage\":\"en-US\",\"@id\":\"https:\\\/\\\/creadores.org\\\/en\\\/#\\\/schema\\\/logo\\\/image\\\/\",\"url\":\"https:\\\/\\\/creadores.org\\\/wp-content\\\/uploads\\\/2025\\\/06\\\/acme-logo.svg\",\"contentUrl\":\"https:\\\/\\\/creadores.org\\\/wp-content\\\/uploads\\\/2025\\\/06\\\/acme-logo.svg\",\"width\":650,\"height\":119,\"caption\":\"Asociaci\u00f3n Creadores de Moda de Espa\u00f1a | ACME\"},\"image\":{\"@id\":\"https:\\\/\\\/creadores.org\\\/en\\\/#\\\/schema\\\/logo\\\/image\\\/\"},\"sameAs\":[\"https:\\\/\\\/www.facebook.com\\\/Asociaci\u00f3n-Creadores-de-Moda-de-Espa\u00f1a-297009471514\\\/\",\"https:\\\/\\\/x.com\\\/creadoresacme\",\"https:\\\/\\\/www.instagram.com\\\/creadoresacme\\\/\"]}]}<\/script>\n<!-- \/ Yoast SEO plugin. -->","yoast_head_json":{"title":"El dise\u00f1o de moda espa\u00f1ol, en cifras - Asociaci\u00f3n Creadores de Moda de Espa\u00f1a | ACME","robots":{"index":"index","follow":"follow","max-snippet":"max-snippet:-1","max-image-preview":"max-image-preview:large","max-video-preview":"max-video-preview:-1"},"canonical":"https:\/\/creadores.org\/en\/que-hacemos\/el-diseno-de-moda-espanol-en-cifras\/","og_locale":"en_US","og_type":"article","og_title":"El dise\u00f1o de moda espa\u00f1ol, en cifras - Asociaci\u00f3n Creadores de Moda de Espa\u00f1a | ACME","og_description":"Desde 2015, ACME y Modaes.es colaboran en la elaboraci\u00f3n de un informe anual que analiza la situaci\u00f3n del dise\u00f1o de moda de autor en Espa\u00f1a desde una perspectiva econ\u00f3mica, territorial y sectorial. Esta radiograf\u00eda aporta datos clave sobre empleo, facturaci\u00f3n, exportaciones, concentraci\u00f3n geogr\u00e1fica y evoluci\u00f3n del sector. Una herramienta para comprender la dimensi\u00f3n real de [&hellip;]","og_url":"https:\/\/creadores.org\/en\/que-hacemos\/el-diseno-de-moda-espanol-en-cifras\/","og_site_name":"Asociaci\u00f3n Creadores de Moda de Espa\u00f1a | ACME","article_publisher":"https:\/\/www.facebook.com\/Asociaci%c3%b3n-Creadores-de-Moda-de-Espa%c3%b1a-297009471514\/","twitter_card":"summary_large_image","twitter_site":"@creadoresacme","twitter_misc":{"Est. reading time":"1 minute"},"schema":{"@context":"https:\/\/schema.org","@graph":[{"@type":"WebPage","@id":"https:\/\/creadores.org\/en\/que-hacemos\/el-diseno-de-moda-espanol-en-cifras\/","url":"https:\/\/creadores.org\/en\/que-hacemos\/el-diseno-de-moda-espanol-en-cifras\/","name":"El dise\u00f1o de moda espa\u00f1ol, en cifras - Asociaci\u00f3n Creadores de Moda de Espa\u00f1a | ACME","isPartOf":{"@id":"https:\/\/creadores.org\/en\/#website"},"datePublished":"2026-02-24T08:22:27+00:00","breadcrumb":{"@id":"https:\/\/creadores.org\/en\/que-hacemos\/el-diseno-de-moda-espanol-en-cifras\/#breadcrumb"},"inLanguage":"en-US","potentialAction":[{"@type":"ReadAction","target":["https:\/\/creadores.org\/en\/que-hacemos\/el-diseno-de-moda-espanol-en-cifras\/"]}]},{"@type":"BreadcrumbList","@id":"https:\/\/creadores.org\/en\/que-hacemos\/el-diseno-de-moda-espanol-en-cifras\/#breadcrumb","itemListElement":[{"@type":"ListItem","position":1,"name":"Portada","item":"https:\/\/creadores.org\/en\/"},{"@type":"ListItem","position":2,"name":"Qu\u00e9 hacemos","item":"https:\/\/creadores.org\/en\/que-hacemos\/"},{"@type":"ListItem","position":3,"name":"El dise\u00f1o de moda espa\u00f1ol, en cifras"}]},{"@type":"WebSite","@id":"https:\/\/creadores.org\/en\/#website","url":"https:\/\/creadores.org\/en\/","name":"Asociaci\u00f3n Creadores de Moda de Espa\u00f1a | ACME","description":"La Asociaci\u00f3n Creadores de Moda de Espa\u00f1a (ACME) es una organizaci\u00f3n profesional sin \u00e1nimo de lucro fundada en 1988","publisher":{"@id":"https:\/\/creadores.org\/en\/#organization"},"potentialAction":[{"@type":"SearchAction","target":{"@type":"EntryPoint","urlTemplate":"https:\/\/creadores.org\/en\/?s={search_term_string}"},"query-input":{"@type":"PropertyValueSpecification","valueRequired":true,"valueName":"search_term_string"}}],"inLanguage":"en-US"},{"@type":"Organization","@id":"https:\/\/creadores.org\/en\/#organization","name":"Asociaci\u00f3n Creadores de Moda de Espa\u00f1a | ACME","url":"https:\/\/creadores.org\/en\/","logo":{"@type":"ImageObject","inLanguage":"en-US","@id":"https:\/\/creadores.org\/en\/#\/schema\/logo\/image\/","url":"https:\/\/creadores.org\/wp-content\/uploads\/2025\/06\/acme-logo.svg","contentUrl":"https:\/\/creadores.org\/wp-content\/uploads\/2025\/06\/acme-logo.svg","width":650,"height":119,"caption":"Asociaci\u00f3n Creadores de Moda de Espa\u00f1a | ACME"},"image":{"@id":"https:\/\/creadores.org\/en\/#\/schema\/logo\/image\/"},"sameAs":["https:\/\/www.facebook.com\/Asociaci\u00f3n-Creadores-de-Moda-de-Espa\u00f1a-297009471514\/","https:\/\/x.com\/creadoresacme","https:\/\/www.instagram.com\/creadoresacme\/"]}]}},"_links":{"self":[{"href":"https:\/\/creadores.org\/en\/wp-json\/wp\/v2\/pages\/92850","targetHints":{"allow":["GET"]}}],"collection":[{"href":"https:\/\/creadores.org\/en\/wp-json\/wp\/v2\/pages"}],"about":[{"href":"https:\/\/creadores.org\/en\/wp-json\/wp\/v2\/types\/page"}],"author":[{"embeddable":true,"href":"https:\/\/creadores.org\/en\/wp-json\/wp\/v2\/users\/4"}],"replies":[{"embeddable":true,"href":"https:\/\/creadores.org\/en\/wp-json\/wp\/v2\/comments?post=92850"}],"version-history":[{"count":1,"href":"https:\/\/creadores.org\/en\/wp-json\/wp\/v2\/pages\/92850\/revisions"}],"predecessor-version":[{"id":92856,"href":"https:\/\/creadores.org\/en\/wp-json\/wp\/v2\/pages\/92850\/revisions\/92856"}],"up":[{"embeddable":true,"href":"https:\/\/creadores.org\/en\/wp-json\/wp\/v2\/pages\/84338"}],"wp:attachment":[{"href":"https:\/\/creadores.org\/en\/wp-json\/wp\/v2\/media?parent=92850"}],"curies":[{"name":"wp","href":"https:\/\/api.w.org\/{rel}","templated":true}]}}